{"id":2,"date":"2025-05-13T12:20:06","date_gmt":"2025-05-13T12:20:06","guid":{"rendered":"http:\/\/voplakalovicveselka.czcz\/www\/?page_id=2"},"modified":"2025-05-14T13:38:22","modified_gmt":"2025-05-14T11:38:22","slug":"sample-page","status":"publish","type":"page","link":"https:\/\/voplakalovicveselka.cz\/","title":{"rendered":"\u00a0"},"content":{"rendered":"\n<h4 class=\"wp-block-heading has-text-align-center\">Rodino, p\u0159\u00e1tel\u00e9 a kamar\u00e1di. D\u00e1v\u00e1me na v\u011bdom\u00ed v\u0161em (teda ka\u017ed\u00e9mu komu p\u0159i\u0161el tento odkaz), \u017ee po zhodnocen\u00ed na\u0161\u00ed situace, jsme dosp\u011bli k jedin\u00e9mu a logick\u00e9mu z\u00e1v\u011bru\u2026<strong> SVATBA!<\/strong><\/h4>\n\n\n\n<hr class=\"wp-block-separator has-alpha-channel-opacity\"\/>\n\n\n\n<h1 class=\"wp-block-heading has-text-align-center\">Kdy: 16. srpna 2025<br>Kde: Chata Prose\u010d<\/h1>\n\n\n\n<div class=\"wp-block-columns is-layout-flex wp-container-core-columns-is-layout-9d6595d7 wp-block-columns-is-layout-flex\">\n<div class=\"wp-block-column is-layout-flow wp-block-column-is-layout-flow\">\n<h4 class=\"wp-block-heading has-text-align-right\">13:00          <\/h4>\n<\/div>\n\n\n\n<div class=\"wp-block-column is-layout-flow wp-block-column-is-layout-flow\">\n<h4 class=\"wp-block-heading\">p\u0159\u00edjezd svateb\u010dan\u016f<\/h4>\n<\/div>\n<\/div>\n\n\n\n<div class=\"wp-block-columns is-layout-flex wp-container-core-columns-is-layout-9d6595d7 wp-block-columns-is-layout-flex\">\n<div class=\"wp-block-column is-layout-flow wp-block-column-is-layout-flow\">\n<h4 class=\"wp-block-heading has-text-align-right\">14:00          <\/h4>\n<\/div>\n\n\n\n<div class=\"wp-block-column is-layout-flow wp-block-column-is-layout-flow\">\n<h4 class=\"wp-block-heading\">ob\u0159ad<\/h4>\n<\/div>\n<\/div>\n\n\n\n<div class=\"wp-block-columns is-layout-flex wp-container-core-columns-is-layout-9d6595d7 wp-block-columns-is-layout-flex\">\n<div class=\"wp-block-column is-layout-flow wp-block-column-is-layout-flow\">\n<h4 class=\"wp-block-heading has-text-align-right\">15:00          <\/h4>\n<\/div>\n\n\n\n<div class=\"wp-block-column is-layout-flow wp-block-column-is-layout-flow\">\n<h4 class=\"wp-block-heading\">p\u0159\u00edpitek, otev\u0159en\u00ed rautu<\/h4>\n<\/div>\n<\/div>\n\n\n\n<div class=\"wp-block-columns is-layout-flex wp-container-core-columns-is-layout-9d6595d7 wp-block-columns-is-layout-flex\">\n<div class=\"wp-block-column is-layout-flow wp-block-column-is-layout-flow\">\n<h4 class=\"wp-block-heading has-text-align-right\">16:00          <\/h4>\n<\/div>\n\n\n\n<div class=\"wp-block-column is-layout-flow wp-block-column-is-layout-flow\">\n<h4 class=\"wp-block-heading\">kr\u00e1jen\u00ed dortu<\/h4>\n<\/div>\n<\/div>\n\n\n\n<div class=\"wp-block-columns is-layout-flex wp-container-core-columns-is-layout-9d6595d7 wp-block-columns-is-layout-flex\">\n<div class=\"wp-block-column is-layout-flow wp-block-column-is-layout-flow\">\n<h4 class=\"wp-block-heading has-text-align-right\">&#8230;           <\/h4>\n<\/div>\n\n\n\n<div class=\"wp-block-column is-layout-flow wp-block-column-is-layout-flow\">\n<h4 class=\"wp-block-heading\">p\u00e1rty do nevid\u00edm<\/h4>\n<\/div>\n<\/div>\n\n\n\n<hr class=\"wp-block-separator has-alpha-channel-opacity\"\/>\n\n\n\n<h5 class=\"wp-block-heading has-text-align-center\"><strong>Co na sebe:<\/strong> p\u0159ij\u010fte spole\u010densky nalad\u011bn\u00ed a slavnostn\u011b oble\u010deni. Barevn\u00e1 paleta nen\u00ed nijak definov\u00e1na, jen b\u00edlou pros\u00edme p\u0159enechejte nev\u011bst\u011b.<br>Po ofici\u00e1ln\u00ed \u010d\u00e1sti m\u016f\u017eete klidn\u011b nahodit n\u011bco pohodln\u011bj\u0161\u00edho, ov\u0161em d\u016fstojn\u00e9 ke dni.<\/h5>\n\n\n\n<h5 class=\"wp-block-heading has-text-align-center\">Vzhledem k omezen\u00e9mu prostoru a v z\u00e1jmu zachov\u00e1n\u00ed slavnostn\u00ed atmosf\u00e9ry, kdo m\u016f\u017eete, p\u0159ij\u010fte bez d\u011bt\u00ed.<\/h5>\n\n\n\n<h5 class=\"wp-block-heading has-text-align-center\">Parkovac\u00ed m\u00edsta pro cca 15 osobn\u00edch vozidel<\/h5>\n\n\n\n<h1 class=\"wp-block-heading has-text-align-center\"><\/h1>\n\n\n\n<hr class=\"wp-block-separator has-alpha-channel-opacity\"\/>\n\n\n\n<p class=\"has-text-align-center\"><iframe src=\"https:\/\/www.google.com\/maps\/embed?pb=!1m18!1m12!1m3!1d2524.808171720248!2d15.127421177244381!3d50.74204667164948!2m3!1f0!2f0!3f0!3m2!1i1024!2i768!4f13.1!3m3!1m2!1s0x470934e3b9cfacdf%3A0x1abf65ee635e2aad!2sChata%20Prose%C4%8D!5e0!3m2!1scs!2scz!4v1747145680853!5m2!1scs!2scz\" width=\"600\" height=\"450\" style=\"border:0;\" allowfullscreen=\"\" loading=\"lazy\" referrerpolicy=\"no-referrer-when-downgrade\"><\/iframe><\/p>\n\n\n\n<div align=\"center\">\n    <div class=\"sub\"><\/div>\n    <iframe loading=\"lazy\" src=\"https:\/\/docs.google.com\/forms\/d\/e\/1FAIpQLScUX1KDxZaF4mjNyrY3ksJ-18f3r68S5KUe7ZQJTLx1BhwREw\/viewform?embedded=true\" width=\"640\" height=\"1093\" frameborder=\"0\" marginheight=\"0\" marginwidth=\"0\">Na\u010d\u00edt\u00e1n\u00ed\u2026<\/iframe>\n<\/div>\n\n\n\n<p><\/p>\n","protected":false},"excerpt":{"rendered":"<p>Rodino, p\u0159\u00e1tel\u00e9 a kamar\u00e1di. D\u00e1v\u00e1me na v\u011bdom\u00ed v\u0161em (teda ka\u017ed\u00e9mu komu p\u0159i\u0161el tento odkaz), \u017ee po zhodnocen\u00ed na\u0161\u00ed situace, jsme dosp\u011bli k jedin\u00e9mu a logick\u00e9mu z\u00e1v\u011bru\u2026 SVATBA! Kdy: 16. srpna 2025Kde: Chata Prose\u010d 13:00 p\u0159\u00edjezd svateb\u010dan\u016f 14:00 ob\u0159ad 15:00 p\u0159\u00edpitek, otev\u0159en\u00ed rautu 16:00 kr\u00e1jen\u00ed dortu &#8230; p\u00e1rty do nevid\u00edm Co<span class=\"more-link theme-more-link\"><a href=\"https:\/\/voplakalovicveselka.cz\/\">Continue Reading<\/a><\/span><\/p>\n","protected":false},"author":1,"featured_media":0,"parent":0,"menu_order":0,"comment_status":"closed","ping_status":"open","template":"","meta":{"footnotes":""},"class_list":["entry","author-admin","post-2","page","type-page","status-publish"],"_links":{"self":[{"href":"https:\/\/voplakalovicveselka.cz\/index.php?rest_route=\/wp\/v2\/pages\/2","targetHints":{"allow":["GET"]}}],"collection":[{"href":"https:\/\/voplakalovicveselka.cz\/index.php?rest_route=\/wp\/v2\/pages"}],"about":[{"href":"https:\/\/voplakalovicveselka.cz\/index.php?rest_route=\/wp\/v2\/types\/page"}],"author":[{"embeddable":true,"href":"https:\/\/voplakalovicveselka.cz\/index.php?rest_route=\/wp\/v2\/users\/1"}],"replies":[{"embeddable":true,"href":"https:\/\/voplakalovicveselka.cz\/index.php?rest_route=%2Fwp%2Fv2%2Fcomments&post=2"}],"version-history":[{"count":61,"href":"https:\/\/voplakalovicveselka.cz\/index.php?rest_route=\/wp\/v2\/pages\/2\/revisions"}],"predecessor-version":[{"id":96,"href":"https:\/\/voplakalovicveselka.cz\/index.php?rest_route=\/wp\/v2\/pages\/2\/revisions\/96"}],"wp:attachment":[{"href":"https:\/\/voplakalovicveselka.cz\/index.php?rest_route=%2Fwp%2Fv2%2Fmedia&parent=2"}],"curies":[{"name":"wp","href":"https:\/\/api.w.org\/{rel}","templated":true}]}}